{"id":2548,"date":"2019-09-16T21:08:43","date_gmt":"2019-09-16T19:08:43","guid":{"rendered":"https:\/\/zenibo.net\/contacts\/"},"modified":"2023-08-16T11:17:36","modified_gmt":"2023-08-16T09:17:36","slug":"kontakt","status":"publish","type":"page","link":"https:\/\/zenibo.net\/pl\/kontakt\/","title":{"rendered":"Kontakt"},"content":{"rendered":"<section class=\"wpb-content-wrapper\">[vc_row content_placement=&#8221;middle&#8221; css=&#8221;.vc_custom_1563860492420{margin-right: 0px !important;margin-left: 0px !important;}&#8221;][vc_column width=&#8221;1\/2&#8243; bg_position=&#8221;custom&#8221; bg_size=&#8221;auto&#8221; css=&#8221;.vc_custom_1569272771935{padding-top: 35px !important;padding-right: 40px !important;padding-bottom: 49px !important;padding-left: 40px !important;background: #1f5abc url(https:\/\/zenibo.net\/wp-content\/uploads\/2019\/07\/bg_contact.png?id=866) !important;border-radius: 30px !important;}&#8221; offset=&#8221;vc_col-lg-offset-0 vc_col-lg-4 vc_col-md-offset-0 vc_col-md-5 vc_col-sm-offset-0 vc_col-xs-12&#8243; custom_bg_position=&#8221;right bottom&#8221; custom_styles_mobile=&#8221;.vc_custom_1569272771940{padding-top: 25px !important;padding-right: 25px !important;padding-bottom: 30px !important;padding-left: 25px !important;}&#8221; custom_styles_portrait=&#8221;.vc_custom_1569272771939{padding-top: 25px !important;padding-right: 25px !important;padding-bottom: 30px !important;padding-left: 25px !important;}&#8221;]<div class='cws-textmodule-69ddcb6e4d781 cws-textmodule'><div class='cws-textmodule-header subtitle-above'><h3 class='cws-textmodule-title'>Dane kontaktowe<\/h3><\/div><\/div><div class='cws-service-69ddcb6e4de1f cws-service-module service-type-default disable-shadow icon-left mobile-icon-top hide-divider icon-shape-hexagon'><div class='service-icon-wrapper'><span class='service-media-element'><\/span><span class='icon'><i class='cws_vc_shortcode_icon_3x fas fa-phone-square-alt'><\/i><\/span><\/div><div class='service-info-wrapper'><div class='service-info-inner'><h6 class='service-title'>Telefon:<\/h6><\/div><\/div><\/div><div class='cws-service-69ddcb6e4df61 cws-service-module service-type-default disable-shadow icon-left mobile-icon-top hide-divider icon-shape-hexagon'><div class='service-icon-wrapper'><span class='service-media-element'><\/span><span class='icon'><i class='cws_vc_shortcode_icon_3x fas fa-envelope'><\/i><\/span><\/div><div class='service-info-wrapper'><div class='service-info-inner'><h6 class='service-title'>Adres email:<\/h6><div class='service-description'>kontakt@zenibo.net<\/div><\/div><\/div><\/div><div class='cws-service-69ddcb6e4e0d1 cws-service-module service-type-default disable-shadow icon-left mobile-icon-top hide-divider icon-shape-hexagon'><div class='service-icon-wrapper'><span class='service-media-element'><\/span><span class='icon'><i class='cws_vc_shortcode_icon_3x fas fa-building'><\/i><\/span><\/div><div class='service-info-wrapper'><div class='service-info-inner'><h6 class='service-title'>Dane firmy:<\/h6><div class='service-description'>Nazwa: ZENIBO MAREK CIE\u015aLAK<br \/>\nNIP: 7822856452<br \/>\nREGON: 382831021<\/div><\/div><\/div><\/div><div id=\"cws-socail-icon-69ddcb6e4e22d\" class=\"cws-social-links shape-hexagon position-left mobile-position-center\"><a href='https:\/\/twitter.com\/home?prefetchTimestamp=1569265670677' target='_blank' class='cws-social-link hexagon fa fa-twitter'><\/a><a href='https:\/\/www.linkedin.com\/in\/marek-cie%C5%9Blak-541b2397\/' target='_blank' class='cws-social-link hexagon fa fa-linkedin-square'><\/a><\/div>[\/vc_column][vc_column width=&#8221;1\/2&#8243; offset=&#8221;vc_col-lg-offset-1 vc_col-lg-7 vc_col-md-offset-0 vc_col-md-7 vc_col-sm-offset-0 vc_col-xs-12&#8243; css=&#8221;.vc_custom_1565255966335{padding-right: 0px !important;padding-left: 0px !important;}&#8221; custom_styles_mobile=&#8221;.vc_custom_1565255966340{margin-top: 40px !important;padding-left: 0px !important;}&#8221; custom_styles_portrait=&#8221;.vc_custom_1565255966338{padding-left: 30px !important;}&#8221; custom_styles_landscape=&#8221;.vc_custom_1565255966337{padding-left: 40px !important;}&#8221;]<div class='cws-textmodule-69ddcb6e4e39c cws-textmodule'><div class='cws-textmodule-header subtitle-beside'><h3 class='cws-textmodule-title'>Prze\u015blij wiadomo\u015b\u0107<\/h3><\/div><\/div><div role=\"form\" class=\"wpcf7\" id=\"wpcf7-f2829-o1\" lang=\"en-US\" dir=\"ltr\">\n<div class=\"screen-reader-response\"><p role=\"status\" aria-live=\"polite\" aria-atomic=\"true\"><\/p> <ul><\/ul><\/div>\n<form action=\"\/pl\/wp-json\/wp\/v2\/pages\/2548#wpcf7-f2829-o1\" method=\"post\" class=\"wpcf7-form init\" novalidate=\"novalidate\" data-status=\"init\">\n<div style=\"display: none;\">\n<input type=\"hidden\" name=\"_wpcf7\" value=\"2829\" \/>\n<input type=\"hidden\" name=\"_wpcf7_version\" value=\"5.4.2\" \/>\n<input type=\"hidden\" name=\"_wpcf7_locale\" value=\"en_US\" \/>\n<input type=\"hidden\" name=\"_wpcf7_unit_tag\" value=\"wpcf7-f2829-o1\" \/>\n<input type=\"hidden\" name=\"_wpcf7_container_post\" value=\"0\" \/>\n<input type=\"hidden\" name=\"_wpcf7_posted_data_hash\" value=\"\" \/>\n<\/div>\n<div class=\"form-contact\">\n<div class=\"form-row\">\n<div class=\"form-column-2\">\n            <span class=\"wpcf7-form-control-wrap your-first-name\"><input type=\"text\" name=\"your-first-name\" value=\"\" size=\"40\" class=\"wpcf7-form-control wpcf7-text wpcf7-validates-as-required\" aria-required=\"true\" aria-invalid=\"false\" placeholder=\"Imi\u0119 *\" \/><\/span>\n        <\/div>\n<div class=\"form-column-2\">\n            <span class=\"wpcf7-form-control-wrap your-last-name\"><input type=\"text\" name=\"your-last-name\" value=\"\" size=\"40\" class=\"wpcf7-form-control wpcf7-text wpcf7-validates-as-required\" aria-required=\"true\" aria-invalid=\"false\" placeholder=\"Nazwisko *\" \/><\/span>\n        <\/div>\n<\/div>\n<div class=\"form-row\">\n<div class=\"form-column-2\">\n            <span class=\"wpcf7-form-control-wrap your-email\"><input type=\"email\" name=\"your-email\" value=\"\" size=\"40\" class=\"wpcf7-form-control wpcf7-text wpcf7-email wpcf7-validates-as-required wpcf7-validates-as-email\" aria-required=\"true\" aria-invalid=\"false\" placeholder=\"Email *\" \/><\/span>\n        <\/div>\n<div class=\"form-column-2\">\n            <span class=\"wpcf7-form-control-wrap your-phone\"><input type=\"tel\" name=\"your-phone\" value=\"\" size=\"40\" class=\"wpcf7-form-control wpcf7-text wpcf7-tel wpcf7-validates-as-tel\" aria-invalid=\"false\" placeholder=\"Telefon\" \/><\/span>\n        <\/div>\n<\/div>\n<div class=\"form-row\">\n<div class=\"form-column-1\">\n            <span class=\"wpcf7-form-control-wrap your-message\"><textarea name=\"your-message\" cols=\"40\" rows=\"10\" class=\"wpcf7-form-control wpcf7-textarea\" aria-invalid=\"false\" placeholder=\"Tre\u015b\u0107 wiadomo\u015bci...\"><\/textarea><\/span>\n        <\/div>\n<\/div>\n<div class=\"form-row\">\n<div class=\"form-column-1\">\n            <input type=\"submit\" value=\"Wy\u015blij wiadomo\u015b\u0107\" class=\"wpcf7-form-control wpcf7-submit\" \/>\n        <\/div>\n<\/div>\n<\/div>\n<p style=\"display: none !important;\" class=\"akismet-fields-container\" data-prefix=\"_wpcf7_ak_\"><label>&#916;<textarea name=\"_wpcf7_ak_hp_textarea\" cols=\"45\" rows=\"8\" maxlength=\"100\"><\/textarea><\/label><input type=\"hidden\" id=\"ak_js_1\" name=\"_wpcf7_ak_js\" value=\"200\"\/><script>document.getElementById( \"ak_js_1\" ).setAttribute( \"value\", ( new Date() ).getTime() );<\/script><\/p><div class=\"wpcf7-response-output\" aria-hidden=\"true\"><\/div><\/form><\/div>[\/vc_column][\/vc_row]\n<\/section>","protected":false},"excerpt":{"rendered":"<p>[vc_row content_placement=&#8221;middle&#8221; css=&#8221;.vc_custom_1563860492420{margin-right: 0px !important;margin-left: 0px !important;}&#8221;][vc_column width=&#8221;1\/2&#8243; bg_position=&#8221;custom&#8221; bg_size=&#8221;auto&#8221; css=&#8221;.vc_custom_1569272771935{padding-top: 35px !important;padding-right: 40px !important;padding-bottom: 49px !important;padding-left: 40px !important;background: #1f5abc url(https:\/\/zenibo.net\/wp-content\/uploads\/2019\/07\/bg_contact.png?id=866) !important;border-radius: 30px !important;}&#8221; offset=&#8221;vc_col-lg-offset-0 vc_col-lg-4 vc_col-md-offset-0 vc_col-md-5 vc_col-sm-offset-0 vc_col-xs-12&#8243; custom_bg_position=&#8221;right bottom&#8221; custom_styles_mobile=&#8221;.vc_custom_1569272771940{padding-top: 25px !important;padding-right: 25px !important;padding-bottom: 30px !important;padding-left: 25px !important;}&#8221; custom_styles_portrait=&#8221;.vc_custom_1569272771939{padding-top: 25px !important;padding-right: 25px !important;padding-bottom: 30px !important;padding-left: 25px !important;}&#8221;][\/vc_column][vc_column width=&#8221;1\/2&#8243; offset=&#8221;vc_col-lg-offset-1 vc_col-lg-7 vc_col-md-offset-0 vc_col-md-7 vc_col-sm-offset-0 vc_col-xs-12&#8243; css=&#8221;.vc_custom_1565255966335{padding-right: 0px !important;padding-left: 0px !important;}&#8221; custom_styles_mobile=&#8221;.vc_custom_1565255966340{margin-top: 40px !important;padding-left: 0px !important;}&#8221; custom_styles_portrait=&#8221;.vc_custom_1565255966338{padding-left: 30px !important;}&#8221; custom_styles_landscape=&#8221;.vc_custom_1565255966337{padding-left: 40px !important;}&#8221;][\/vc_column][\/vc_row]<\/p>\n","protected":false},"author":1,"featured_media":0,"parent":0,"menu_order":0,"comment_status":"closed","ping_status":"closed","template":"","meta":{"footnotes":""},"_links":{"self":[{"href":"https:\/\/zenibo.net\/pl\/wp-json\/wp\/v2\/pages\/2548"}],"collection":[{"href":"https:\/\/zenibo.net\/pl\/wp-json\/wp\/v2\/pages"}],"about":[{"href":"https:\/\/zenibo.net\/pl\/wp-json\/wp\/v2\/types\/page"}],"author":[{"embeddable":true,"href":"https:\/\/zenibo.net\/pl\/wp-json\/wp\/v2\/users\/1"}],"replies":[{"embeddable":true,"href":"https:\/\/zenibo.net\/pl\/wp-json\/wp\/v2\/comments?post=2548"}],"version-history":[{"count":18,"href":"https:\/\/zenibo.net\/pl\/wp-json\/wp\/v2\/pages\/2548\/revisions"}],"predecessor-version":[{"id":2972,"href":"https:\/\/zenibo.net\/pl\/wp-json\/wp\/v2\/pages\/2548\/revisions\/2972"}],"wp:attachment":[{"href":"https:\/\/zenibo.net\/pl\/wp-json\/wp\/v2\/media?parent=2548"}],"curies":[{"name":"wp","href":"https:\/\/api.w.org\/{rel}","templated":true}]}}