{"id":2552,"date":"2019-09-16T21:12:42","date_gmt":"2019-09-16T19:12:42","guid":{"rendered":"https:\/\/zenibo.net\/keywords-research\/"},"modified":"2023-08-16T11:12:49","modified_gmt":"2023-08-16T09:12:49","slug":"analiza-slow-kluczowych","status":"publish","type":"page","link":"https:\/\/zenibo.net\/pl\/analiza-slow-kluczowych\/","title":{"rendered":"Analiza s\u0142\u00f3w kluczowych"},"content":{"rendered":"<section class=\"wpb-content-wrapper\">[vc_row full_width=&#8221;stretch_row&#8221; content_placement=&#8221;middle&#8221; particles=&#8221;1&#8243; particles_color=&#8221;#ffe27a&#8221; css=&#8221;.vc_custom_1564133351273{padding-bottom: 80px !important;}&#8221;][vc_column width=&#8221;1\/2&#8243; css=&#8221;.vc_custom_1564146323373{padding-right: 100px !important;}&#8221; offset=&#8221;vc_col-lg-5&#8243; custom_styles_portrait=&#8221;.vc_custom_1564146323376{padding-right: 20px !important;}&#8221;]<div class='cws-textmodule-69dde7c089f14 cws-textmodule'><div class='cws-textmodule-header subtitle-above'><h2 class='cws-textmodule-title'>Pozw\u00f3l si\u0119 znale\u017a\u0107<\/h2><\/div><div class='cws-textmodule-content-wrapper'><p style=\"text-align: justify;\">Jednym z najwa\u017cniejszych czynnik\u00f3w SEO jest optymalizacja tre\u015bci pod okre\u015blone s\u0142owa kluczowe. Zacznij pisanie tre\u015bci od scenariusza w postaci listy s\u0142\u00f3w kluczowych, kt\u00f3re zwi\u0119ksz\u0105 liczb\u0119 wej\u015b\u0107 na Twoj\u0105 witryn\u0119.<\/p>\n<\/div><\/div><div id='cws_button_wrapper_69dde7c08ae9e' class='cws_button_wrapper '><a id='cws_button_69dde7c08ae9f' class='cws-custom-button regular icon-position-right icon-face-flaticon-028-arrow-metamax' href='#start' ><span class='button-icon'><i class='cws-icon-regular flaticon-028-arrow-metamax'><\/i><\/span>ZOBACZ<span class='button-icon'><i class='cws-icon-regular flaticon-028-arrow-metamax'><\/i><\/span><\/a><\/div>[\/vc_column][vc_column width=&#8221;1\/2&#8243; offset=&#8221;vc_col-lg-7&#8243; custom_styles_mobile=&#8221;.vc_custom_1569168362485{margin-top: 40px !important;}&#8221; css=&#8221;.vc_custom_1569168362482{margin-top: 100px !important;}&#8221;]<div id='cws-image-69dde7c08af32' class='cws-image-module effect-no-hover'><div class=\"main-image\"><img src=\"https:\/\/zenibo.net\/wp-content\/uploads\/2019\/09\/keywords-research-first.png\" srcset=\"https:\/\/zenibo.net\/wp-content\/uploads\/2019\/09\/keywords-research-first.png 940w, https:\/\/zenibo.net\/wp-content\/uploads\/2019\/09\/keywords-research-first-300x131.png 300w, https:\/\/zenibo.net\/wp-content\/uploads\/2019\/09\/keywords-research-first-768x335.png 768w\" sizes=\"(max-width: 940px) 100vw, 940px\" alt=\"\" class=\"main-image-main\" \/><\/div><\/div>[\/vc_column][\/vc_row][vc_row full_width=&#8221;stretch_row&#8221; css=&#8221;.vc_custom_1569162770833{padding-top: 120px !important;padding-bottom: 120px !important;background-color: #1f5abc !important;}&#8221; custom_styles_portrait=&#8221;.vc_custom_1569162770835{padding-top: 60px !important;padding-bottom: 60px !important;}&#8221; custom_styles_landscape=&#8221;.vc_custom_1569162770834{padding-top: 90px !important;padding-bottom: 90px !important;}&#8221; el_id=&#8221;start&#8221;][vc_column width=&#8221;1\/3&#8243;]<div class='cws-service-69dde7c08b5c8 cws-service-module service-type-default divider-bottom disable-shadow icon-left portrait-icon-top mobile-icon-left icon-shape-hexagon'><div class='service-icon-wrapper'><span class='service-media-element'><\/span><span class='icon'><i class='cws_vc_shortcode_icon_3x flaticon-analytics-1'><\/i><\/span><\/div><div class='service-info-wrapper'><div class='service-info-inner'><h6 class='service-title'>Analiza witryny<\/h6><div class='service-divider'><\/div><div class='service-description'>Weryfikacja domeny i jej widoczno\u015bci na aktualne s\u0142owa kluczowe<\/div><\/div><\/div><\/div>[\/vc_column][vc_column width=&#8221;1\/3&#8243; custom_styles_mobile=&#8221;.vc_custom_1565155339318{margin-top: 30px !important;}&#8221;]<div class='cws-service-69dde7c08b814 cws-service-module service-type-default divider-bottom disable-shadow icon-left portrait-icon-top mobile-icon-left icon-shape-hexagon'><div class='service-icon-wrapper'><span class='service-media-element'><\/span><span class='icon'><i class='cws_vc_shortcode_icon_3x flaticon-human-resources'><\/i><\/span><\/div><div class='service-info-wrapper'><div class='service-info-inner'><h6 class='service-title'>Podgl\u0105danie konkurencji<\/h6><div class='service-divider'><\/div><div class='service-description'>Dob\u00f3r s\u0142\u00f3w kluczowych na podstawie widoczno\u015bci Twojej konkurencji<\/div><\/div><\/div><\/div>[\/vc_column][vc_column width=&#8221;1\/3&#8243; custom_styles_mobile=&#8221;.vc_custom_1565155347416{margin-top: 30px !important;}&#8221;]<div class='cws-service-69dde7c08ba3e cws-service-module service-type-default divider-bottom disable-shadow icon-left portrait-icon-top mobile-icon-left icon-shape-hexagon'><div class='service-icon-wrapper'><span class='service-media-element'><\/span><span class='icon'><i class='cws_vc_shortcode_icon_3x flaticon-idea'><\/i><\/span><\/div><div class='service-info-wrapper'><div class='service-info-inner'><h6 class='service-title'>Lokalizacja tre\u015bci<\/h6><div class='service-divider'><\/div><div class='service-description'>Miejsca, czyli podstrony us\u0142ug, blog, opisy kategorii, na kt\u00f3rych nale\u017cy zamie\u015bci\u0107 tre\u015bci<\/div><\/div><\/div><\/div>[\/vc_column][\/vc_row][vc_row full_width=&#8221;stretch_row&#8221; content_placement=&#8221;middle&#8221; add_layers=&#8221;1&#8243; extra_layer_bg=&#8221;#6bbfff&#8221; add_waves=&#8221;1&#8243; wave_bottom_right=&#8221;1&#8243; css=&#8221;.vc_custom_1565162062510{background-color: #d2eaff !important;}&#8221; extra_layer_width=&#8221;50&#8243;][vc_column width=&#8221;1\/2&#8243; css=&#8221;.vc_custom_1565162485159{padding-top: 5px !important;background-color: #6bbfff !important;}&#8221; offset=&#8221;vc_col-lg-7 vc_col-md-3\/5&#8243;]<div id='cws-image-69dde7c08bb2a' class='cws-image-module effect-no-hover'><div class=\"main-image\"><img src=\"https:\/\/zenibo.net\/wp-content\/uploads\/2019\/09\/keywords-research-second-2.png\" srcset=\"https:\/\/zenibo.net\/wp-content\/uploads\/2019\/09\/keywords-research-second-2.png 598w, https:\/\/zenibo.net\/wp-content\/uploads\/2019\/09\/keywords-research-second-2-290x300.png 290w\" sizes=\"(max-width: 598px) 100vw, 598px\" alt=\"\" class=\"main-image-main\" \/><\/div><\/div>[\/vc_column][vc_column width=&#8221;1\/2&#8243; bg_position=&#8221;custom&#8221; bg_size=&#8221;auto&#8221; css=&#8221;.vc_custom_1565162201904{padding-top: 200px !important;padding-right: 15px !important;padding-bottom: 200px !important;padding-left: 70px !important;}&#8221; custom_styles_landscape=&#8221;.vc_custom_1565162201906{padding-top: 100px !important;padding-right: 15px !important;padding-bottom: 100px !important;padding-left: 45px !important;}&#8221; custom_styles_mobile=&#8221;.vc_custom_1565162201909{padding-top: 50px !important;padding-right: 15px !important;padding-bottom: 50px !important;padding-left: 15px !important;background-color: #d2eaff !important;}&#8221; offset=&#8221;vc_col-lg-5 vc_col-md-2\/5&#8243; custom_styles_portrait=&#8221;.vc_custom_1565162201907{padding-top: 50px !important;padding-right: 15px !important;padding-bottom: 50px !important;padding-left: 30px !important;}&#8221; custom_bg_position=&#8221;left top&#8221;]<div class='cws-textmodule-69dde7c08c006 cws-textmodule'><div class='cws-textmodule-header subtitle-above'><h2 class='cws-textmodule-title'>Proces wyszukiwania<\/h2><\/div><div class='cws-textmodule-content-wrapper'><p style=\"text-align: justify;\">Otrzymujesz pe\u0142n\u0105 list\u0119 s\u0142\u00f3w kluczowych dla okre\u015blonych podstron, na kt\u00f3re wymagane b\u0119dzie napisanie tre\u015bci.<\/p>\n<\/div><\/div>[\/vc_column][\/vc_row][vc_row full_width=&#8221;stretch_row&#8221; content_placement=&#8221;middle&#8221; particles=&#8221;1&#8243; particles_color=&#8221;#ffe27a&#8221; css=&#8221;.vc_custom_1569168905675{padding-top: 90px !important;padding-bottom: 20px !important;}&#8221; custom_styles_landscape=&#8221;.vc_custom_1569168905676{padding-top: 60px !important;padding-bottom: 60px !important;}&#8221;][vc_column offset=&#8221;vc_col-lg-4 vc_col-md-4 vc_col-xs-12&#8243;]<div class='cws-textmodule-69dde7c08c429 cws-textmodule'><div class='cws-textmodule-header subtitle-above'><h2 class='cws-textmodule-title'>Dobrane s\u0142owa<\/h2><\/div><div class='cws-textmodule-content-wrapper'><p style=\"text-align: justify;\">Maj\u0105c list\u0119 s\u0142\u00f3w kluczowych mo\u017cesz samodzielnie stworzy\u0107 odpowiednie tre\u015bci z ich uwzgl\u0119dnieniem lub zleci\u0107 to zadanie specjali\u015bcie.<\/p>\n<\/div><\/div>[\/vc_column][vc_column offset=&#8221;vc_col-lg-8 vc_col-md-8 vc_col-xs-12&#8243; custom_styles_portrait=&#8221;.vc_custom_1565159415939{margin-top: 40px !important;}&#8221;][vc_row_inner][vc_column_inner width=&#8221;1\/2&#8243; css=&#8221;.vc_custom_1565159524928{padding-right: 0px !important;padding-left: 0px !important;}&#8221; custom_styles_portrait=&#8221;.vc_custom_1565159524932{padding-right: 15px !important;padding-left: 15px !important;}&#8221;]<div class='cws-service-69dde7c08c721 cws-service-module service-type-default icon-corner hide-divider icon-shape-hexagon'><div class='service-icon-wrapper'><span class='service-media-element'><\/span><span class='icon'><i class='cws_vc_shortcode_icon_3x fa fa-comments-o'><\/i><\/span><\/div><div class='service-info-wrapper'><div class='service-info-inner'><h6 class='service-title'>Tematyka tre\u015bci<\/h6><div class='service-description'>Dobrane s\u0142owa kluczowe dopasowane do konkretnej tematyki<\/div><\/div><\/div><\/div><div class='cws-service-69dde7c08c904 cws-service-module service-type-default icon-corner hide-divider icon-shape-hexagon'><div class='service-icon-wrapper'><span class='service-media-element'><\/span><span class='icon'><i class='cws_vc_shortcode_icon_3x flaticon-user-experience'><\/i><\/span><\/div><div class='service-info-wrapper'><div class='service-info-inner'><h6 class='service-title'>S\u0142owa konkurencji<\/h6><div class='service-description'>Analiza s\u0142\u00f3w kluczowych Twojej konkurencji<\/div><\/div><\/div><\/div>[\/vc_column_inner][vc_column_inner width=&#8221;1\/2&#8243; css=&#8221;.vc_custom_1565159496762{padding-right: 0px !important;padding-left: 0px !important;}&#8221; custom_styles_portrait=&#8221;.vc_custom_1565159496766{padding-right: 15px !important;padding-left: 15px !important;}&#8221;]<div class='cws-service-69dde7c08caa9 cws-service-module service-type-default icon-corner hide-divider icon-shape-hexagon'><div class='service-icon-wrapper'><span class='service-media-element'><\/span><span class='icon'><i class='cws_vc_shortcode_icon_3x flaticon-seo-and-web'><\/i><\/span><\/div><div class='service-info-wrapper'><div class='service-info-inner'><h6 class='service-title'>Frazy longtail<\/h6><div class='service-description'>\u015aci\u015ble sprecyzowane s\u0142owa kluczowe maj\u0105ce d\u0142u\u017cszy ci\u0105g znak\u00f3w.<\/div><\/div><\/div><\/div><div class='cws-service-69dde7c08cc45 cws-service-module service-type-default icon-corner hide-divider icon-shape-hexagon'><div class='service-icon-wrapper'><span class='service-media-element'><\/span><span class='icon'><i class='cws_vc_shortcode_icon_3x flaticon-keyword'><\/i><\/span><\/div><div class='service-info-wrapper'><div class='service-info-inner'><h6 class='service-title'>Artyku\u0142y<\/h6><div class='service-description'>Otrzymana lista s\u0142\u00f3w kluczowych dobrana pod d\u0142u\u017csze teksty tj. artyku\u0142y na bloga<\/div><\/div><\/div><\/div>[\/vc_column_inner][\/vc_row_inner][\/vc_column][\/vc_row][vc_row full_width=&#8221;stretch_row&#8221; content_placement=&#8221;middle&#8221; css=&#8221;.vc_custom_1569164752099{padding-top: 80px !important;padding-bottom: 80px !important;background-color: #fff4e9 !important;}&#8221;][vc_column width=&#8221;1\/2&#8243; custom_styles_mobile=&#8221;.vc_custom_1564383555985{margin-bottom: 40px !important;}&#8221;]<div id='cws-image-69dde7c08cd19' class='cws-image-module effect-no-hover'><div class=\"main-image\"><img src=\"https:\/\/zenibo.net\/wp-content\/uploads\/2019\/07\/img_02.png\" srcset=\"https:\/\/zenibo.net\/wp-content\/uploads\/2019\/07\/img_02.png 475w, https:\/\/zenibo.net\/wp-content\/uploads\/2019\/07\/img_02-300x177.png 300w\" sizes=\"(max-width: 475px) 100vw, 475px\" alt=\"\" class=\"main-image-main\" \/><\/div><\/div>[\/vc_column][vc_column width=&#8221;1\/2&#8243; css=&#8221;.vc_custom_1564383596822{padding-right: 150px !important;}&#8221; custom_styles_portrait=&#8221;.vc_custom_1564383596826{padding-right: 70px !important;}&#8221; custom_styles_mobile=&#8221;.vc_custom_1564383596828{padding-right: 15px !important;padding-left: 15px !important;}&#8221;]<div class='cws-textmodule-69dde7c08d150 cws-textmodule'><div class='cws-textmodule-header subtitle-above'><h2 class='cws-textmodule-title'>Co dalej?<\/h2><\/div><div class='cws-textmodule-content-wrapper'><p>Potrzebujesz pomocy przy kolejnych dzia\u0142aniach? Je\u015bli nie masz czasu na samodzielnie napisanie tre\u015bci, mo\u017cesz skorzysta\u0107 z us\u0142ugi <strong>Content Copywritingu<\/strong>. Nast\u0119pnie warto zainteresowa\u0107 si\u0119 us\u0142ug\u0105 <strong>Link Building<\/strong>.<\/p>\n<\/div><\/div>[vc_row_inner][vc_column_inner width=&#8221;1\/2&#8243;]<div id='cws_button_wrapper_69dde7c08d3e9' class='cws_button_wrapper '><a id='cws_button_69dde7c08d3eb' class='cws-custom-button regular icon-position-right icon-face-flaticon-028-arrow-metamax' href='https:\/\/zenibo.net\/pl\/content-copywriting\/' target=\"_blank\"><span class='button-icon'><i class='cws-icon-regular flaticon-028-arrow-metamax'><\/i><\/span>Content Copywriting<span class='button-icon'><i class='cws-icon-regular flaticon-028-arrow-metamax'><\/i><\/span><\/a><\/div>[\/vc_column_inner][vc_column_inner width=&#8221;1\/2&#8243;]<div id='cws_button_wrapper_69dde7c08d4bf' class='cws_button_wrapper '><a id='cws_button_69dde7c08d4c0' class='cws-custom-button regular icon-position-right icon-face-flaticon-028-arrow-metamax' href='https:\/\/zenibo.net\/pl\/link-building\/' target=\"_blank\"><span class='button-icon'><i class='cws-icon-regular flaticon-028-arrow-metamax'><\/i><\/span>Link Building<span class='button-icon'><i class='cws-icon-regular flaticon-028-arrow-metamax'><\/i><\/span><\/a><\/div>[\/vc_column_inner][\/vc_row_inner][\/vc_column][\/vc_row]\n<\/section>","protected":false},"excerpt":{"rendered":"<p>[vc_row full_width=&#8221;stretch_row&#8221; content_placement=&#8221;middle&#8221; particles=&#8221;1&#8243; particles_color=&#8221;#ffe27a&#8221; css=&#8221;.vc_custom_1564133351273{padding-bottom: 80px !important;}&#8221;][vc_column width=&#8221;1\/2&#8243; css=&#8221;.vc_custom_1564146323373{padding-right: 100px !important;}&#8221; offset=&#8221;vc_col-lg-5&#8243; custom_styles_portrait=&#8221;.vc_custom_1564146323376{padding-right: 20px !important;}&#8221;][\/vc_column][vc_column width=&#8221;1\/2&#8243; offset=&#8221;vc_col-lg-7&#8243; custom_styles_mobile=&#8221;.vc_custom_1569168362485{margin-top: 40px !important;}&#8221; css=&#8221;.vc_custom_1569168362482{margin-top: 100px !important;}&#8221;][\/vc_column][\/vc_row][vc_row full_width=&#8221;stretch_row&#8221; css=&#8221;.vc_custom_1569162770833{padding-top: 120px !important;padding-bottom: 120px !important;background-color: #1f5abc !important;}&#8221; custom_styles_portrait=&#8221;.vc_custom_1569162770835{padding-top: 60px !important;padding-bottom: 60px !important;}&#8221; custom_styles_landscape=&#8221;.vc_custom_1569162770834{padding-top: 90px !important;padding-bottom: 90px !important;}&#8221; el_id=&#8221;start&#8221;][vc_column width=&#8221;1\/3&#8243;][\/vc_column][vc_column width=&#8221;1\/3&#8243; custom_styles_mobile=&#8221;.vc_custom_1565155339318{margin-top: 30px !important;}&#8221;][\/vc_column][vc_column width=&#8221;1\/3&#8243; custom_styles_mobile=&#8221;.vc_custom_1565155347416{margin-top: 30px !important;}&#8221;][\/vc_column][\/vc_row][vc_row full_width=&#8221;stretch_row&#8221; content_placement=&#8221;middle&#8221; add_layers=&#8221;1&#8243; extra_layer_bg=&#8221;#6bbfff&#8221; add_waves=&#8221;1&#8243; wave_bottom_right=&#8221;1&#8243; css=&#8221;.vc_custom_1565162062510{background-color: #d2eaff !important;}&#8221; extra_layer_width=&#8221;50&#8243;][vc_column width=&#8221;1\/2&#8243; css=&#8221;.vc_custom_1565162485159{padding-top: 5px !important;background-color: #6bbfff !important;}&#8221; offset=&#8221;vc_col-lg-7 vc_col-md-3\/5&#8243;][\/vc_column][vc_column width=&#8221;1\/2&#8243; bg_position=&#8221;custom&#8221; bg_size=&#8221;auto&#8221; css=&#8221;.vc_custom_1565162201904{padding-top: 200px !important;padding-right: 15px !important;padding-bottom: 200px !important;padding-left: 70px !important;}&#8221; custom_styles_landscape=&#8221;.vc_custom_1565162201906{padding-top: 100px !important;padding-right: 15px !important;padding-bottom: 100px !important;padding-left: 45px !important;}&#8221; custom_styles_mobile=&#8221;.vc_custom_1565162201909{padding-top: 50px !important;padding-right: 15px !important;padding-bottom: 50px !important;padding-left: 15px !important;background-color: #d2eaff !important;}&#8221; offset=&#8221;vc_col-lg-5 vc_col-md-2\/5&#8243; custom_styles_portrait=&#8221;.vc_custom_1565162201907{padding-top: 50px !important;padding-right: 15px !important;padding-bottom: 50px !important;padding-left: 30px !important;}&#8221; custom_bg_position=&#8221;left top&#8221;][\/vc_column][\/vc_row][vc_row full_width=&#8221;stretch_row&#8221; content_placement=&#8221;middle&#8221; particles=&#8221;1&#8243; particles_color=&#8221;#ffe27a&#8221; css=&#8221;.vc_custom_1569168905675{padding-top: 90px !important;padding-bottom: 20px !important;}&#8221; custom_styles_landscape=&#8221;.vc_custom_1569168905676{padding-top: 60px !important;padding-bottom: 60px !important;}&#8221;][vc_column offset=&#8221;vc_col-lg-4 vc_col-md-4 vc_col-xs-12&#8243;][\/vc_column][vc_column offset=&#8221;vc_col-lg-8 vc_col-md-8 vc_col-xs-12&#8243; custom_styles_portrait=&#8221;.vc_custom_1565159415939{margin-top: 40px !important;}&#8221;][vc_row_inner][vc_column_inner width=&#8221;1\/2&#8243; css=&#8221;.vc_custom_1565159524928{padding-right: 0px !important;padding-left: 0px !important;}&#8221; custom_styles_portrait=&#8221;.vc_custom_1565159524932{padding-right: 15px !important;padding-left: 15px !important;}&#8221;][\/vc_column_inner][vc_column_inner width=&#8221;1\/2&#8243; css=&#8221;.vc_custom_1565159496762{padding-right: 0px !important;padding-left: 0px !important;}&#8221; custom_styles_portrait=&#8221;.vc_custom_1565159496766{padding-right: 15px !important;padding-left: 15px !important;}&#8221;][\/vc_column_inner][\/vc_row_inner][\/vc_column][\/vc_row][vc_row full_width=&#8221;stretch_row&#8221; content_placement=&#8221;middle&#8221; css=&#8221;.vc_custom_1569164752099{padding-top: 80px !important;padding-bottom: 80px !important;background-color: #fff4e9 !important;}&#8221;][vc_column width=&#8221;1\/2&#8243; custom_styles_mobile=&#8221;.vc_custom_1564383555985{margin-bottom: 40px !important;}&#8221;][\/vc_column][vc_column width=&#8221;1\/2&#8243; css=&#8221;.vc_custom_1564383596822{padding-right: 150px !important;}&#8221; custom_styles_portrait=&#8221;.vc_custom_1564383596826{padding-right: 70px !important;}&#8221; custom_styles_mobile=&#8221;.vc_custom_1564383596828{padding-right: 15px !important;padding-left: 15px !important;}&#8221;][vc_row_inner][vc_column_inner width=&#8221;1\/2&#8243;][\/vc_column_inner][vc_column_inner width=&#8221;1\/2&#8243;][\/vc_column_inner][\/vc_row_inner][\/vc_column][\/vc_row]<\/p>\n","protected":false},"author":1,"featured_media":0,"parent":0,"menu_order":0,"comment_status":"closed","ping_status":"closed","template":"","meta":{"footnotes":""},"_links":{"self":[{"href":"https:\/\/zenibo.net\/pl\/wp-json\/wp\/v2\/pages\/2552"}],"collection":[{"href":"https:\/\/zenibo.net\/pl\/wp-json\/wp\/v2\/pages"}],"about":[{"href":"https:\/\/zenibo.net\/pl\/wp-json\/wp\/v2\/types\/page"}],"author":[{"embeddable":true,"href":"https:\/\/zenibo.net\/pl\/wp-json\/wp\/v2\/users\/1"}],"replies":[{"embeddable":true,"href":"https:\/\/zenibo.net\/pl\/wp-json\/wp\/v2\/comments?post=2552"}],"version-history":[{"count":34,"href":"https:\/\/zenibo.net\/pl\/wp-json\/wp\/v2\/pages\/2552\/revisions"}],"predecessor-version":[{"id":2942,"href":"https:\/\/zenibo.net\/pl\/wp-json\/wp\/v2\/pages\/2552\/revisions\/2942"}],"wp:attachment":[{"href":"https:\/\/zenibo.net\/pl\/wp-json\/wp\/v2\/media?parent=2552"}],"curies":[{"name":"wp","href":"https:\/\/api.w.org\/{rel}","templated":true}]}}