{"id":2556,"date":"2019-09-16T21:14:28","date_gmt":"2019-09-16T19:14:28","guid":{"rendered":"https:\/\/zenibo.net\/seo-audit\/"},"modified":"2023-08-16T11:06:30","modified_gmt":"2023-08-16T09:06:30","slug":"audyt-seo","status":"publish","type":"page","link":"https:\/\/zenibo.net\/pl\/audyt-seo\/","title":{"rendered":"Audyt SEO"},"content":{"rendered":"<section class=\"wpb-content-wrapper\">[vc_row full_width=&#8221;stretch_row&#8221; content_placement=&#8221;middle&#8221; particles=&#8221;1&#8243; particles_color=&#8221;#ffe27a&#8221; css=&#8221;.vc_custom_1569103064499{padding-bottom: 40px !important;}&#8221;][vc_column width=&#8221;1\/2&#8243; css=&#8221;.vc_custom_1564146323373{padding-right: 100px !important;}&#8221; offset=&#8221;vc_col-lg-5&#8243; custom_styles_portrait=&#8221;.vc_custom_1564146323376{padding-right: 20px !important;}&#8221;]<div class='cws-textmodule-69ddca64e66b4 cws-textmodule'><div class='cws-textmodule-header subtitle-above'><h2 class='cws-textmodule-title'>Zacznij od podstaw<\/h2><\/div><div class='cws-textmodule-content-wrapper'><p style=\"text-align: justify;\">To jeden z pierwszych krok\u00f3w, kt\u00f3re trzeba wykona\u0107 w celu zwi\u0119kszenia ruchu na stronie z darmowych wynik\u00f3w wyszukiwania (<strong>Google<\/strong>, <strong>Bing<\/strong> etc.). Otrzymuj\u0105c dokument w pe\u0142ni dostosowany do Twojej witryny, mo\u017cesz zacz\u0105\u0107 wdra\u017ca\u0107 zmiany optymalizacyjne.<\/p>\n<\/div><\/div><div id='cws_button_wrapper_69ddca64e7191' class='cws_button_wrapper '><a id='cws_button_69ddca64e7193' class='cws-custom-button regular icon-position-right icon-face-flaticon-028-arrow-metamax' href='#start' ><span class='button-icon'><i class='cws-icon-regular flaticon-028-arrow-metamax'><\/i><\/span>ZOBACZ<span class='button-icon'><i class='cws-icon-regular flaticon-028-arrow-metamax'><\/i><\/span><\/a><\/div>[\/vc_column][vc_column width=&#8221;1\/2&#8243; offset=&#8221;vc_col-lg-7&#8243; custom_styles_mobile=&#8221;.vc_custom_1569103026302{margin-top: 40px !important;}&#8221; css=&#8221;.vc_custom_1569103026298{margin-top: 35px !important;}&#8221;]<div id='cws-image-69ddca64e7255' class='cws-image-module effect-no-hover'><div class=\"main-image\"><img src=\"https:\/\/zenibo.net\/wp-content\/uploads\/2019\/09\/seo-audit-first-gfx.png\" srcset=\"https:\/\/zenibo.net\/wp-content\/uploads\/2019\/09\/seo-audit-first-gfx.png 819w, https:\/\/zenibo.net\/wp-content\/uploads\/2019\/09\/seo-audit-first-gfx-300x227.png 300w, https:\/\/zenibo.net\/wp-content\/uploads\/2019\/09\/seo-audit-first-gfx-768x581.png 768w\" sizes=\"(max-width: 819px) 100vw, 819px\" alt=\"\" class=\"main-image-main\" \/><\/div><\/div>[\/vc_column][\/vc_row][vc_row full_width=&#8221;stretch_row&#8221; css=&#8221;.vc_custom_1569533526118{padding-top: 120px !important;padding-bottom: 120px !important;background-color: #1f5abc !important;}&#8221; custom_styles_portrait=&#8221;.vc_custom_1569533526120{padding-top: 60px !important;padding-bottom: 60px !important;}&#8221; custom_styles_landscape=&#8221;.vc_custom_1569533526119{padding-top: 90px !important;padding-bottom: 90px !important;}&#8221; el_id=&#8221;start&#8221;][vc_column width=&#8221;1\/3&#8243;]<div class='cws-service-69ddca64e793d cws-service-module service-type-default divider-bottom disable-shadow icon-left portrait-icon-top mobile-icon-left icon-shape-hexagon'><div class='service-icon-wrapper'><span class='service-media-element'><\/span><span class='icon'><i class='cws_vc_shortcode_icon_3x fa fa-code'><\/i><\/span><\/div><div class='service-info-wrapper'><div class='service-info-inner'><h6 class='service-title'>Optymalizacja kodu<\/h6><div class='service-divider'><\/div><div class='service-description'>Dzia\u0142 audytu zwi\u0105zany z optymalizacj\u0105 techniczn\u0105 witryny<\/div><\/div><\/div><\/div>[\/vc_column][vc_column width=&#8221;1\/3&#8243; custom_styles_mobile=&#8221;.vc_custom_1565155339318{margin-top: 30px !important;}&#8221;]<div class='cws-service-69ddca64e7bdd cws-service-module service-type-default divider-bottom disable-shadow icon-left portrait-icon-top mobile-icon-left icon-shape-hexagon'><div class='service-icon-wrapper'><span class='service-media-element'><\/span><span class='icon'><i class='cws_vc_shortcode_icon_3x fa fa-file-text-o'><\/i><\/span><\/div><div class='service-info-wrapper'><div class='service-info-inner'><h6 class='service-title'>Optymalizacja tre\u015bci<\/h6><div class='service-divider'><\/div><div class='service-description'>Dzia\u0142 dokumentu odpowiedzialny za wskaz\u00f3wki dotycz\u0105ce tre\u015bci na Twojej stronie<\/div><\/div><\/div><\/div>[\/vc_column][vc_column width=&#8221;1\/3&#8243; custom_styles_mobile=&#8221;.vc_custom_1565155347416{margin-top: 30px !important;}&#8221;]<div class='cws-service-69ddca64e7e4a cws-service-module service-type-default divider-bottom disable-shadow icon-left portrait-icon-top mobile-icon-left icon-shape-hexagon'><div class='service-icon-wrapper'><span class='service-media-element'><\/span><span class='icon'><i class='cws_vc_shortcode_icon_3x flaticon-analytics-2'><\/i><\/span><\/div><div class='service-info-wrapper'><div class='service-info-inner'><h6 class='service-title'>Raport i analiza<\/h6><div class='service-divider'><\/div><div class='service-description'>Ostatni dzia\u0142 dotycz\u0105cy kana\u0142\u00f3w pozyskiwania witryny oraz jej konkurencji<\/div><\/div><\/div><\/div>[\/vc_column][\/vc_row][vc_row full_width=&#8221;stretch_row&#8221; content_placement=&#8221;middle&#8221; add_layers=&#8221;1&#8243; extra_layer_bg=&#8221;#6bbfff&#8221; add_waves=&#8221;1&#8243; wave_bottom_right=&#8221;1&#8243; css=&#8221;.vc_custom_1565162062510{background-color: #d2eaff !important;}&#8221; extra_layer_width=&#8221;50&#8243;][vc_column width=&#8221;1\/2&#8243; css=&#8221;.vc_custom_1565162485159{padding-top: 5px !important;background-color: #6bbfff !important;}&#8221; offset=&#8221;vc_col-lg-7 vc_col-md-3\/5&#8243;]<div id='cws-image-69ddca64e7f96' class='cws-image-module effect-no-hover'><div class=\"main-image\"><img src=\"https:\/\/zenibo.net\/wp-content\/uploads\/2019\/09\/seo-audit-second-gfx-min.png\" srcset=\"https:\/\/zenibo.net\/wp-content\/uploads\/2019\/09\/seo-audit-second-gfx-min.png 938w, https:\/\/zenibo.net\/wp-content\/uploads\/2019\/09\/seo-audit-second-gfx-min-300x273.png 300w, https:\/\/zenibo.net\/wp-content\/uploads\/2019\/09\/seo-audit-second-gfx-min-768x698.png 768w\" sizes=\"(max-width: 938px) 100vw, 938px\" alt=\"\" class=\"main-image-main\" \/><\/div><\/div>[\/vc_column][vc_column width=&#8221;1\/2&#8243; bg_position=&#8221;custom&#8221; bg_size=&#8221;auto&#8221; css=&#8221;.vc_custom_1565162201904{padding-top: 200px !important;padding-right: 15px !important;padding-bottom: 200px !important;padding-left: 70px !important;}&#8221; custom_styles_landscape=&#8221;.vc_custom_1565162201906{padding-top: 100px !important;padding-right: 15px !important;padding-bottom: 100px !important;padding-left: 45px !important;}&#8221; custom_styles_mobile=&#8221;.vc_custom_1565162201909{padding-top: 50px !important;padding-right: 15px !important;padding-bottom: 50px !important;padding-left: 15px !important;background-color: #d2eaff !important;}&#8221; offset=&#8221;vc_col-lg-5 vc_col-md-2\/5&#8243; custom_styles_portrait=&#8221;.vc_custom_1565162201907{padding-top: 50px !important;padding-right: 15px !important;padding-bottom: 50px !important;padding-left: 30px !important;}&#8221; custom_bg_position=&#8221;left top&#8221;]<div class='cws-textmodule-69ddca64e85c4 cws-textmodule'><div class='cws-textmodule-header subtitle-above'><h2 class='cws-textmodule-title'>Proces wykonania audytu<\/h2><\/div><div class='cws-textmodule-content-wrapper'><p style=\"text-align: justify;\">Do wykonania audytu wystarczy tylko Twoja domena. Z kolei w wypadku, gdy zale\u017cy Ci na szczeg\u00f3\u0142owej analizie, wymagany jest dost\u0119p do: <strong>Google Analytics<\/strong>, <strong>Google Search Console<\/strong> oraz wgranie kodu weryfikacyjnego do <strong>Ahrefs<\/strong>.<\/p>\n<\/div><\/div>[\/vc_column][\/vc_row][vc_row full_width=&#8221;stretch_row&#8221; content_placement=&#8221;middle&#8221; particles=&#8221;1&#8243; particles_color=&#8221;#ffe27a&#8221; css=&#8221;.vc_custom_1569102140773{padding-top: 90px !important;padding-bottom: 10px !important;}&#8221; custom_styles_landscape=&#8221;.vc_custom_1569102140774{padding-top: 60px !important;padding-bottom: 60px !important;}&#8221;][vc_column offset=&#8221;vc_col-lg-4 vc_col-md-4 vc_col-xs-12&#8243;]<div class='cws-textmodule-69ddca64e8a31 cws-textmodule'><div class='cws-textmodule-header subtitle-above'><h2 class='cws-textmodule-title'>Gotowy audyt<\/h2><\/div><div class='cws-textmodule-content-wrapper'><p style=\"text-align: justify;\">Maj\u0105c gotowy audyt SEO jeste\u015b gotowy na nast\u0119pne kroki, czyli optymalizacj\u0119 techniczn\u0105 oraz contentow\u0105. Wdro\u017cenie tych element\u00f3w mo\u017cesz przeprowadzi\u0107 samodzielnie lub zleci\u0107 je specjali\u015bcie.<\/p>\n<\/div><\/div>[\/vc_column][vc_column offset=&#8221;vc_col-lg-8 vc_col-md-8 vc_col-xs-12&#8243; custom_styles_portrait=&#8221;.vc_custom_1565159415939{margin-top: 40px !important;}&#8221;][vc_row_inner][vc_column_inner width=&#8221;1\/2&#8243; css=&#8221;.vc_custom_1565159524928{padding-right: 0px !important;padding-left: 0px !important;}&#8221; custom_styles_portrait=&#8221;.vc_custom_1565159524932{padding-right: 15px !important;padding-left: 15px !important;}&#8221;]<div class='cws-service-69ddca64e8d86 cws-service-module service-type-default icon-corner hide-divider icon-shape-hexagon'><div class='service-icon-wrapper'><span class='service-media-element'><\/span><span class='icon'><i class='cws_vc_shortcode_icon_3x flaticon-optimization'><\/i><\/span><\/div><div class='service-info-wrapper'><div class='service-info-inner'><h6 class='service-title'>Optymalizacja techniczna<\/h6><div class='service-description'>Zwi\u0119kszona wydajno\u015b\u0107 strony oraz prawid\u0142owa widoczno\u015b\u0107 dla robot\u00f3w wyszukiwarek<\/div><\/div><\/div><\/div><div class='cws-service-69ddca64e8f66 cws-service-module service-type-default icon-corner hide-divider icon-shape-hexagon'><div class='service-icon-wrapper'><span class='service-media-element'><\/span><span class='icon'><i class='cws_vc_shortcode_icon_3x flaticon-contract'><\/i><\/span><\/div><div class='service-info-wrapper'><div class='service-info-inner'><h6 class='service-title'>Optymalizacja tre\u015bci<\/h6><div class='service-description'>Odpowiednia implementacja podstawowych element\u00f3w: znaczniki title, meta description oraz nag\u0142\u00f3wki H1. etc.<\/div><\/div><\/div><\/div>[\/vc_column_inner][vc_column_inner width=&#8221;1\/2&#8243; css=&#8221;.vc_custom_1565159496762{padding-right: 0px !important;padding-left: 0px !important;}&#8221; custom_styles_portrait=&#8221;.vc_custom_1565159496766{padding-right: 15px !important;padding-left: 15px !important;}&#8221;]<div class='cws-service-69ddca64e9193 cws-service-module service-type-default icon-corner hide-divider icon-shape-hexagon'><div class='service-icon-wrapper'><span class='service-media-element'><\/span><span class='icon'><i class='cws_vc_shortcode_icon_3x flaticon-analytics-1'><\/i><\/span><\/div><div class='service-info-wrapper'><div class='service-info-inner'><h6 class='service-title'>Analiza witryny<\/h6><div class='service-description'>Uzyskanie szczeg\u00f3\u0142\u00f3w na temat witryny oraz jej konkurencji pomo\u017ce Ci zwi\u0119kszy\u0107 dzia\u0142ania w innych kana\u0142ach<\/div><\/div><\/div><\/div><div class='cws-service-69ddca64e93b0 cws-service-module service-type-default icon-corner hide-divider icon-shape-hexagon'><div class='service-icon-wrapper'><span class='service-media-element'><\/span><span class='icon'><i class='cws_vc_shortcode_icon_3x flaticon-panel'><\/i><\/span><\/div><div class='service-info-wrapper'><div class='service-info-inner'><h6 class='service-title'>Cenne wskaz\u00f3wki<\/h6><div class='service-description'>Audyt pomaga w zaplanowaniu kolejnych dzia\u0142a\u0144 w witrynie oraz umo\u017cliwia oszacowanie koszt\u00f3w ich wdro\u017cenia<\/div><\/div><\/div><\/div>[\/vc_column_inner][\/vc_row_inner][\/vc_column][\/vc_row][vc_row full_width=&#8221;stretch_row&#8221; content_placement=&#8221;middle&#8221; css=&#8221;.vc_custom_1562915016178{padding-top: 80px !important;padding-bottom: 80px !important;background-color: #fff4e9 !important;}&#8221;][vc_column width=&#8221;1\/2&#8243; custom_styles_mobile=&#8221;.vc_custom_1564383555985{margin-bottom: 40px !important;}&#8221;]<div id='cws-image-69ddca64e94e5' class='cws-image-module effect-no-hover'><div class=\"main-image\"><img src=\"https:\/\/zenibo.net\/wp-content\/uploads\/2019\/07\/img_02.png\" srcset=\"https:\/\/zenibo.net\/wp-content\/uploads\/2019\/07\/img_02.png 475w, https:\/\/zenibo.net\/wp-content\/uploads\/2019\/07\/img_02-300x177.png 300w\" sizes=\"(max-width: 475px) 100vw, 475px\" alt=\"\" class=\"main-image-main\" \/><\/div><\/div>[\/vc_column][vc_column width=&#8221;1\/2&#8243; css=&#8221;.vc_custom_1564383596822{padding-right: 150px !important;}&#8221; custom_styles_portrait=&#8221;.vc_custom_1564383596826{padding-right: 70px !important;}&#8221; custom_styles_mobile=&#8221;.vc_custom_1564383596828{padding-right: 15px !important;padding-left: 15px !important;}&#8221;]<div class='cws-textmodule-69ddca64e9e86 cws-textmodule'><div class='cws-textmodule-header subtitle-above'><h2 class='cws-textmodule-title'>Co dalej?<\/h2><\/div><div class='cws-textmodule-content-wrapper'><p>W kolejnych dzia\u0142aniach pomo\u017ce Ci zwi\u0119kszaj\u0105ca widoczno\u015b\u0107 us\u0142uga Analiza S\u0142\u00f3w Kluczowych.<\/p>\n<\/div><\/div><div id='cws_button_wrapper_69ddca64ea1f0' class='cws_button_wrapper '><a id='cws_button_69ddca64ea1f1' class='cws-custom-button regular icon-position-right icon-face-flaticon-028-arrow-metamax' href='https:\/\/zenibo.net\/pl\/analiza-slow-kluczowych\/' target=\"_blank\"><span class='button-icon'><i class='cws-icon-regular flaticon-028-arrow-metamax'><\/i><\/span>Analiza S\u0142\u00f3w Kluczowych<span class='button-icon'><i class='cws-icon-regular flaticon-028-arrow-metamax'><\/i><\/span><\/a><\/div>[\/vc_column][\/vc_row]\n<\/section>","protected":false},"excerpt":{"rendered":"<p>[vc_row full_width=&#8221;stretch_row&#8221; content_placement=&#8221;middle&#8221; particles=&#8221;1&#8243; particles_color=&#8221;#ffe27a&#8221; css=&#8221;.vc_custom_1569103064499{padding-bottom: 40px !important;}&#8221;][vc_column width=&#8221;1\/2&#8243; css=&#8221;.vc_custom_1564146323373{padding-right: 100px !important;}&#8221; offset=&#8221;vc_col-lg-5&#8243; custom_styles_portrait=&#8221;.vc_custom_1564146323376{padding-right: 20px !important;}&#8221;][\/vc_column][vc_column width=&#8221;1\/2&#8243; offset=&#8221;vc_col-lg-7&#8243; custom_styles_mobile=&#8221;.vc_custom_1569103026302{margin-top: 40px !important;}&#8221; css=&#8221;.vc_custom_1569103026298{margin-top: 35px !important;}&#8221;][\/vc_column][\/vc_row][vc_row full_width=&#8221;stretch_row&#8221; css=&#8221;.vc_custom_1569533526118{padding-top: 120px !important;padding-bottom: 120px !important;background-color: #1f5abc !important;}&#8221; custom_styles_portrait=&#8221;.vc_custom_1569533526120{padding-top: 60px !important;padding-bottom: 60px !important;}&#8221; custom_styles_landscape=&#8221;.vc_custom_1569533526119{padding-top: 90px !important;padding-bottom: 90px !important;}&#8221; el_id=&#8221;start&#8221;][vc_column width=&#8221;1\/3&#8243;][\/vc_column][vc_column width=&#8221;1\/3&#8243; custom_styles_mobile=&#8221;.vc_custom_1565155339318{margin-top: 30px !important;}&#8221;][\/vc_column][vc_column width=&#8221;1\/3&#8243; custom_styles_mobile=&#8221;.vc_custom_1565155347416{margin-top: 30px !important;}&#8221;][\/vc_column][\/vc_row][vc_row full_width=&#8221;stretch_row&#8221; content_placement=&#8221;middle&#8221; add_layers=&#8221;1&#8243; extra_layer_bg=&#8221;#6bbfff&#8221; add_waves=&#8221;1&#8243; wave_bottom_right=&#8221;1&#8243; css=&#8221;.vc_custom_1565162062510{background-color: #d2eaff !important;}&#8221; extra_layer_width=&#8221;50&#8243;][vc_column width=&#8221;1\/2&#8243; css=&#8221;.vc_custom_1565162485159{padding-top: 5px !important;background-color: #6bbfff !important;}&#8221; offset=&#8221;vc_col-lg-7 vc_col-md-3\/5&#8243;][\/vc_column][vc_column width=&#8221;1\/2&#8243; bg_position=&#8221;custom&#8221; bg_size=&#8221;auto&#8221; css=&#8221;.vc_custom_1565162201904{padding-top: 200px !important;padding-right: 15px !important;padding-bottom: 200px !important;padding-left: 70px !important;}&#8221; custom_styles_landscape=&#8221;.vc_custom_1565162201906{padding-top: 100px !important;padding-right: 15px !important;padding-bottom: 100px !important;padding-left: 45px !important;}&#8221; custom_styles_mobile=&#8221;.vc_custom_1565162201909{padding-top: 50px !important;padding-right: 15px !important;padding-bottom: 50px !important;padding-left: 15px !important;background-color: #d2eaff !important;}&#8221; offset=&#8221;vc_col-lg-5 vc_col-md-2\/5&#8243; custom_styles_portrait=&#8221;.vc_custom_1565162201907{padding-top: 50px !important;padding-right: 15px !important;padding-bottom: 50px !important;padding-left: 30px !important;}&#8221; custom_bg_position=&#8221;left top&#8221;][\/vc_column][\/vc_row][vc_row full_width=&#8221;stretch_row&#8221; content_placement=&#8221;middle&#8221; particles=&#8221;1&#8243; particles_color=&#8221;#ffe27a&#8221; css=&#8221;.vc_custom_1569102140773{padding-top: 90px !important;padding-bottom: 10px !important;}&#8221; custom_styles_landscape=&#8221;.vc_custom_1569102140774{padding-top: 60px !important;padding-bottom: 60px !important;}&#8221;][vc_column offset=&#8221;vc_col-lg-4 vc_col-md-4 vc_col-xs-12&#8243;][\/vc_column][vc_column offset=&#8221;vc_col-lg-8 vc_col-md-8 vc_col-xs-12&#8243; custom_styles_portrait=&#8221;.vc_custom_1565159415939{margin-top: 40px !important;}&#8221;][vc_row_inner][vc_column_inner width=&#8221;1\/2&#8243; css=&#8221;.vc_custom_1565159524928{padding-right: 0px !important;padding-left: 0px !important;}&#8221; custom_styles_portrait=&#8221;.vc_custom_1565159524932{padding-right: 15px !important;padding-left: 15px !important;}&#8221;][\/vc_column_inner][vc_column_inner width=&#8221;1\/2&#8243; css=&#8221;.vc_custom_1565159496762{padding-right: 0px !important;padding-left: 0px !important;}&#8221; custom_styles_portrait=&#8221;.vc_custom_1565159496766{padding-right: 15px !important;padding-left: 15px !important;}&#8221;][\/vc_column_inner][\/vc_row_inner][\/vc_column][\/vc_row][vc_row full_width=&#8221;stretch_row&#8221; content_placement=&#8221;middle&#8221; css=&#8221;.vc_custom_1562915016178{padding-top: 80px !important;padding-bottom: 80px !important;background-color: #fff4e9 !important;}&#8221;][vc_column width=&#8221;1\/2&#8243; custom_styles_mobile=&#8221;.vc_custom_1564383555985{margin-bottom: 40px !important;}&#8221;][\/vc_column][vc_column width=&#8221;1\/2&#8243; css=&#8221;.vc_custom_1564383596822{padding-right: 150px !important;}&#8221; custom_styles_portrait=&#8221;.vc_custom_1564383596826{padding-right: 70px !important;}&#8221; custom_styles_mobile=&#8221;.vc_custom_1564383596828{padding-right: 15px !important;padding-left: 15px !important;}&#8221;][\/vc_column][\/vc_row]<\/p>\n","protected":false},"author":1,"featured_media":0,"parent":0,"menu_order":0,"comment_status":"closed","ping_status":"closed","template":"","meta":{"footnotes":""},"_links":{"self":[{"href":"https:\/\/zenibo.net\/pl\/wp-json\/wp\/v2\/pages\/2556"}],"collection":[{"href":"https:\/\/zenibo.net\/pl\/wp-json\/wp\/v2\/pages"}],"about":[{"href":"https:\/\/zenibo.net\/pl\/wp-json\/wp\/v2\/types\/page"}],"author":[{"embeddable":true,"href":"https:\/\/zenibo.net\/pl\/wp-json\/wp\/v2\/users\/1"}],"replies":[{"embeddable":true,"href":"https:\/\/zenibo.net\/pl\/wp-json\/wp\/v2\/comments?post=2556"}],"version-history":[{"count":40,"href":"https:\/\/zenibo.net\/pl\/wp-json\/wp\/v2\/pages\/2556\/revisions"}],"predecessor-version":[{"id":2916,"href":"https:\/\/zenibo.net\/pl\/wp-json\/wp\/v2\/pages\/2556\/revisions\/2916"}],"wp:attachment":[{"href":"https:\/\/zenibo.net\/pl\/wp-json\/wp\/v2\/media?parent=2556"}],"curies":[{"name":"wp","href":"https:\/\/api.w.org\/{rel}","templated":true}]}}